{"id":1576,"date":"2021-03-11T15:52:23","date_gmt":"2021-03-11T14:52:23","guid":{"rendered":"https:\/\/www.everex.org\/?page_id=1576"},"modified":"2021-03-31T15:24:19","modified_gmt":"2021-03-31T13:24:19","slug":"chi-siamo","status":"publish","type":"page","link":"https:\/\/www.everex.org\/it\/azienda\/chi-siamo\/","title":{"rendered":"Chi siamo"},"content":{"rendered":"\t\t<div data-elementor-type=\"wp-page\" data-elementor-id=\"1576\" class=\"elementor elementor-1576\" data-elementor-post-type=\"page\">\n\t\t\t\t\t\t<section class=\"elementor-section elementor-top-section elementor-element elementor-element-7a8c15f elementor-section-height-min-height elementor-section-boxed elementor-section-height-default elementor-section-items-middle\" data-id=\"7a8c15f\" data-element_type=\"section\" data-e-type=\"section\" data-settings=\"{&quot;background_background&quot;:&quot;classic&quot;}\">\n\t\t\t\t\t\t<div class=\"elementor-container elementor-column-gap-default\">\n\t\t\t\t\t<div class=\"elementor-column elementor-col-100 elementor-top-column elementor-element elementor-element-e09d48a\" data-id=\"e09d48a\" data-element_type=\"column\" data-e-type=\"column\">\n\t\t\t<div class=\"elementor-widget-wrap\">\n\t\t\t\t\t\t\t<\/div>\n\t\t<\/div>\n\t\t\t\t\t<\/div>\n\t\t<\/section>\n\t\t\t\t<section class=\"elementor-section elementor-top-section elementor-element elementor-element-9fbec24 elementor-section-height-min-height elementor-hidden-desktop elementor-hidden-tablet elementor-hidden-phone elementor-section-boxed elementor-section-height-default elementor-section-items-middle\" data-id=\"9fbec24\" data-element_type=\"section\" data-e-type=\"section\" data-settings=\"{&quot;background_background&quot;:&quot;classic&quot;}\">\n\t\t\t\t\t\t<div class=\"elementor-container elementor-column-gap-default\">\n\t\t\t\t\t<div class=\"elementor-column elementor-col-50 elementor-top-column elementor-element elementor-element-d37035a\" data-id=\"d37035a\" data-element_type=\"column\" data-e-type=\"column\">\n\t\t\t<div class=\"elementor-widget-wrap\">\n\t\t\t\t\t\t\t<\/div>\n\t\t<\/div>\n\t\t\t\t<div class=\"elementor-column elementor-col-50 elementor-top-column elementor-element elementor-element-9c6e418\" data-id=\"9c6e418\" data-element_type=\"column\" data-e-type=\"column\">\n\t\t\t<div class=\"elementor-widget-wrap elementor-element-populated\">\n\t\t\t\t\t\t<div class=\"elementor-element elementor-element-70df4c7 elementor-widget elementor-widget-text-editor\" data-id=\"70df4c7\" data-element_type=\"widget\" data-e-type=\"widget\" data-widget_type=\"text-editor.default\">\n\t\t\t\t<div class=\"elementor-widget-container\">\n\t\t\t\t\t\t\t\t\t<p style=\"text-align: right;\"><a href=\"https:\/\/www.everex.org\/azienda\/in-cosa-crediamo\/\">\u00bb In cosa crediamo\u00a0<\/a><\/p>\t\t\t\t\t\t\t\t<\/div>\n\t\t\t\t<\/div>\n\t\t\t\t\t<\/div>\n\t\t<\/div>\n\t\t\t\t\t<\/div>\n\t\t<\/section>\n\t\t\t\t<section class=\"elementor-section elementor-top-section elementor-element elementor-element-d270173 elementor-section-height-min-height elementor-section-content-top elementor-section-boxed elementor-section-height-default elementor-section-items-middle\" data-id=\"d270173\" data-element_type=\"section\" data-e-type=\"section\">\n\t\t\t\t\t\t<div class=\"elementor-container elementor-column-gap-default\">\n\t\t\t\t\t<div class=\"elementor-column elementor-col-100 elementor-top-column elementor-element elementor-element-d1b17e8\" data-id=\"d1b17e8\" data-element_type=\"column\" data-e-type=\"column\">\n\t\t\t<div class=\"elementor-widget-wrap elementor-element-populated\">\n\t\t\t\t\t\t<div class=\"elementor-element elementor-element-690f4e2 titolo-pagina elementor-invisible elementor-widget elementor-widget-heading\" data-id=\"690f4e2\" data-element_type=\"widget\" data-e-type=\"widget\" data-settings=\"{&quot;_animation&quot;:&quot;fadeIn&quot;,&quot;_animation_delay&quot;:400}\" data-widget_type=\"heading.default\">\n\t\t\t\t<div class=\"elementor-widget-container\">\n\t\t\t\t\t<h2 class=\"elementor-heading-title elementor-size-default\">CHI SIAMO\u200b<\/h2>\t\t\t\t<\/div>\n\t\t\t\t<\/div>\n\t\t\t\t<div class=\"elementor-element elementor-element-79a23e2 elementor-widget elementor-widget-text-editor\" data-id=\"79a23e2\" data-element_type=\"widget\" data-e-type=\"widget\" data-widget_type=\"text-editor.default\">\n\t\t\t\t<div class=\"elementor-widget-container\">\n\t\t\t\t\t\t\t\t\tSiamo un\u2019azienda di Engineering. La professionalit\u00e0 e la passione ingegneristica rappresentano il nucleo di competenze aziendali che stanno alla base della nostra filosofia e del nostro lavoro. Questa si declina in un continuo investimento sull\u2019innovazione e su una forte valorizzazione delle risorse umane che risultano in soluzioni su misura per tutti i nostri partner.\n\t\t\t\t\t\t\t\t<\/div>\n\t\t\t\t<\/div>\n\t\t\t\t\t<\/div>\n\t\t<\/div>\n\t\t\t\t\t<\/div>\n\t\t<\/section>\n\t\t\t\t<section class=\"elementor-section elementor-top-section elementor-element elementor-element-6088b09 elementor-section-boxed elementor-section-height-default elementor-section-height-default\" data-id=\"6088b09\" data-element_type=\"section\" data-e-type=\"section\">\n\t\t\t\t\t\t<div class=\"elementor-container elementor-column-gap-wider\">\n\t\t\t\t\t<div class=\"elementor-column elementor-col-33 elementor-top-column elementor-element elementor-element-49714e3\" data-id=\"49714e3\" data-element_type=\"column\" data-e-type=\"column\" data-settings=\"{&quot;background_background&quot;:&quot;slideshow&quot;,&quot;background_slideshow_gallery&quot;:[{&quot;id&quot;:2390,&quot;url&quot;:&quot;https:\\\/\\\/www.everex.org\\\/wp-content\\\/uploads\\\/2021\\\/03\\\/DSC3632_0002_Sfondo.jpg&quot;},{&quot;id&quot;:2815,&quot;url&quot;:&quot;https:\\\/\\\/www.everex.org\\\/wp-content\\\/uploads\\\/2021\\\/03\\\/698_0000__DSC3618.jpg&quot;},{&quot;id&quot;:2241,&quot;url&quot;:&quot;https:\\\/\\\/www.everex.org\\\/wp-content\\\/uploads\\\/2021\\\/03\\\/DSC4359_0003_Sfondo.jpg&quot;},{&quot;id&quot;:2817,&quot;url&quot;:&quot;https:\\\/\\\/www.everex.org\\\/wp-content\\\/uploads\\\/2021\\\/03\\\/698_0001__DSC4386.jpg&quot;},{&quot;id&quot;:2819,&quot;url&quot;:&quot;https:\\\/\\\/www.everex.org\\\/wp-content\\\/uploads\\\/2021\\\/03\\\/698_0002_Sfondo.jpg&quot;}],&quot;background_slideshow_loop&quot;:&quot;yes&quot;,&quot;background_slideshow_slide_duration&quot;:5000,&quot;background_slideshow_slide_transition&quot;:&quot;fade&quot;,&quot;background_slideshow_transition_duration&quot;:500}\">\n\t\t\t<div class=\"elementor-widget-wrap elementor-element-populated\">\n\t\t\t\t\t\t<div class=\"elementor-element elementor-element-839b9e6 elementor-widget elementor-widget-spacer\" data-id=\"839b9e6\" data-element_type=\"widget\" data-e-type=\"widget\" data-widget_type=\"spacer.default\">\n\t\t\t\t<div class=\"elementor-widget-container\">\n\t\t\t\t\t\t\t<div class=\"elementor-spacer\">\n\t\t\t<div class=\"elementor-spacer-inner\"><\/div>\n\t\t<\/div>\n\t\t\t\t\t\t<\/div>\n\t\t\t\t<\/div>\n\t\t\t\t\t<\/div>\n\t\t<\/div>\n\t\t\t\t<div class=\"elementor-column elementor-col-66 elementor-top-column elementor-element elementor-element-deb4ffe\" data-id=\"deb4ffe\" data-element_type=\"column\" data-e-type=\"column\">\n\t\t\t<div class=\"elementor-widget-wrap elementor-element-populated\">\n\t\t\t\t\t\t<div class=\"elementor-element elementor-element-4cac0da elementor-widget elementor-widget-heading\" data-id=\"4cac0da\" data-element_type=\"widget\" data-e-type=\"widget\" data-widget_type=\"heading.default\">\n\t\t\t\t<div class=\"elementor-widget-container\">\n\t\t\t\t\t<h2 class=\"elementor-heading-title elementor-size-default\">Innovazione<\/h2>\t\t\t\t<\/div>\n\t\t\t\t<\/div>\n\t\t\t\t<div class=\"elementor-element elementor-element-6bf8f8a elementor-widget elementor-widget-text-editor\" data-id=\"6bf8f8a\" data-element_type=\"widget\" data-e-type=\"widget\" data-widget_type=\"text-editor.default\">\n\t\t\t\t<div class=\"elementor-widget-container\">\n\t\t\t\t\t\t\t\t\t<p>In EVEREX l\u2019innovazione \u00e8 presente grazie al costante investimento nella ricerca, al periodico aggiornamento degli strumenti tecnologici e alla formazione del personale.<\/p><p>Per realizzare sistemi diagnostici all&#8217;avanguardia, sviluppiamo idee innovative in diversi settori: materiali, tecnologie produttive e procedure di controllo della produzione.<\/p><p>L\u2019innovazione si riscontra anche nell\u2019attenzione aziendale verso la responsabilit\u00e0 sociale, la sostenibilit\u00e0 e la sicurezza sul lavoro.<\/p>\t\t\t\t\t\t\t\t<\/div>\n\t\t\t\t<\/div>\n\t\t\t\t<div class=\"elementor-element elementor-element-bcd0074 elementor-widget elementor-widget-spacer\" data-id=\"bcd0074\" data-element_type=\"widget\" data-e-type=\"widget\" data-widget_type=\"spacer.default\">\n\t\t\t\t<div class=\"elementor-widget-container\">\n\t\t\t\t\t\t\t<div class=\"elementor-spacer\">\n\t\t\t<div class=\"elementor-spacer-inner\"><\/div>\n\t\t<\/div>\n\t\t\t\t\t\t<\/div>\n\t\t\t\t<\/div>\n\t\t\t\t\t<\/div>\n\t\t<\/div>\n\t\t\t\t\t<\/div>\n\t\t<\/section>\n\t\t\t\t<section class=\"elementor-section elementor-top-section elementor-element elementor-element-de75b0c elementor-reverse-tablet elementor-reverse-mobile elementor-section-boxed elementor-section-height-default elementor-section-height-default\" data-id=\"de75b0c\" data-element_type=\"section\" data-e-type=\"section\">\n\t\t\t\t\t\t<div class=\"elementor-container elementor-column-gap-wider\">\n\t\t\t\t\t<div class=\"elementor-column elementor-col-66 elementor-top-column elementor-element elementor-element-866921c\" data-id=\"866921c\" data-element_type=\"column\" data-e-type=\"column\">\n\t\t\t<div class=\"elementor-widget-wrap elementor-element-populated\">\n\t\t\t\t\t\t<div class=\"elementor-element elementor-element-d93b2a2 elementor-widget elementor-widget-heading\" data-id=\"d93b2a2\" data-element_type=\"widget\" data-e-type=\"widget\" data-widget_type=\"heading.default\">\n\t\t\t\t<div class=\"elementor-widget-container\">\n\t\t\t\t\t<h2 class=\"elementor-heading-title elementor-size-default\">Risorse umane<\/h2>\t\t\t\t<\/div>\n\t\t\t\t<\/div>\n\t\t\t\t<div class=\"elementor-element elementor-element-51807f7 elementor-widget elementor-widget-text-editor\" data-id=\"51807f7\" data-element_type=\"widget\" data-e-type=\"widget\" data-widget_type=\"text-editor.default\">\n\t\t\t\t<div class=\"elementor-widget-container\">\n\t\t\t\t\t\t\t\t\t<p><span style=\"color: var( --e-global-color-text );\">EVEREX<\/span><span style=\"color: var( --e-global-color-text );\">\u00a0<\/span>misura il suo successo mettendo l\u2019uomo al centro del proprio sistema. Il rispetto dei valori umani \u00e8 una prerogativa per far si che ogni persona si senta valorizzata e parte della stessa famiglia.<\/p><p>Ogni gruppo ha delle caratteristiche riconoscibili dall\u2019esterno. Chi lavora in EVEREX\u00a0 \u00e8 una persona curiosa, che non ha paura di scoprire nuovi orizzonti, che ha una sensibilit\u00e0 per l\u2019engineering e che mette le proprie competenze al servizio dell\u2019azienda, un individuo dotato di creativit\u00e0, immaginazione e slancio verso il futuro.<\/p><p>Il tutto condito da forte capacit\u00e0 di lavorare in squadra, capendo il proprio ruolo e la connessione con il lavoro degli altri.<\/p>\t\t\t\t\t\t\t\t<\/div>\n\t\t\t\t<\/div>\n\t\t\t\t\t<\/div>\n\t\t<\/div>\n\t\t\t\t<div class=\"elementor-column elementor-col-33 elementor-top-column elementor-element elementor-element-bf96924\" data-id=\"bf96924\" data-element_type=\"column\" data-e-type=\"column\" data-settings=\"{&quot;background_background&quot;:&quot;slideshow&quot;,&quot;background_slideshow_gallery&quot;:[{&quot;id&quot;:1580,&quot;url&quot;:&quot;https:\\\/\\\/www.everex.org\\\/wp-content\\\/uploads\\\/2021\\\/03\\\/001-chisiamo.jpg&quot;},{&quot;id&quot;:2389,&quot;url&quot;:&quot;https:\\\/\\\/www.everex.org\\\/wp-content\\\/uploads\\\/2021\\\/03\\\/DSC3632_0001__DSC4235-cc.jpg&quot;},{&quot;id&quot;:2824,&quot;url&quot;:&quot;https:\\\/\\\/www.everex.org\\\/wp-content\\\/uploads\\\/2021\\\/03\\\/887.jpg&quot;}],&quot;background_slideshow_loop&quot;:&quot;yes&quot;,&quot;background_slideshow_slide_duration&quot;:5000,&quot;background_slideshow_slide_transition&quot;:&quot;fade&quot;,&quot;background_slideshow_transition_duration&quot;:500}\">\n\t\t\t<div class=\"elementor-widget-wrap elementor-element-populated\">\n\t\t\t\t\t\t<div class=\"elementor-element elementor-element-12cd2c1 elementor-widget elementor-widget-spacer\" data-id=\"12cd2c1\" data-element_type=\"widget\" data-e-type=\"widget\" data-widget_type=\"spacer.default\">\n\t\t\t\t<div class=\"elementor-widget-container\">\n\t\t\t\t\t\t\t<div class=\"elementor-spacer\">\n\t\t\t<div class=\"elementor-spacer-inner\"><\/div>\n\t\t<\/div>\n\t\t\t\t\t\t<\/div>\n\t\t\t\t<\/div>\n\t\t\t\t\t<\/div>\n\t\t<\/div>\n\t\t\t\t\t<\/div>\n\t\t<\/section>\n\t\t\t\t<section class=\"elementor-section elementor-top-section elementor-element elementor-element-de80871 elementor-section-boxed elementor-section-height-default elementor-section-height-default\" data-id=\"de80871\" data-element_type=\"section\" data-e-type=\"section\">\n\t\t\t\t\t\t<div class=\"elementor-container elementor-column-gap-wider\">\n\t\t\t\t\t<div class=\"elementor-column elementor-col-33 elementor-top-column elementor-element elementor-element-e9482e2\" data-id=\"e9482e2\" data-element_type=\"column\" data-e-type=\"column\" data-settings=\"{&quot;background_background&quot;:&quot;slideshow&quot;,&quot;background_slideshow_gallery&quot;:[{&quot;id&quot;:2388,&quot;url&quot;:&quot;https:\\\/\\\/www.everex.org\\\/wp-content\\\/uploads\\\/2021\\\/03\\\/DSC3632_0000__DSC4596.jpg&quot;},{&quot;id&quot;:3242,&quot;url&quot;:&quot;https:\\\/\\\/www.everex.org\\\/wp-content\\\/uploads\\\/2021\\\/03\\\/sluzoni02.jpg&quot;},{&quot;id&quot;:3240,&quot;url&quot;:&quot;https:\\\/\\\/www.everex.org\\\/wp-content\\\/uploads\\\/2021\\\/03\\\/sluzoni03.jpg&quot;}],&quot;background_slideshow_loop&quot;:&quot;yes&quot;,&quot;background_slideshow_slide_duration&quot;:5000,&quot;background_slideshow_slide_transition&quot;:&quot;fade&quot;,&quot;background_slideshow_transition_duration&quot;:500}\">\n\t\t\t<div class=\"elementor-widget-wrap elementor-element-populated\">\n\t\t\t\t\t\t<div class=\"elementor-element elementor-element-05de8d7 elementor-widget elementor-widget-spacer\" data-id=\"05de8d7\" data-element_type=\"widget\" data-e-type=\"widget\" data-widget_type=\"spacer.default\">\n\t\t\t\t<div class=\"elementor-widget-container\">\n\t\t\t\t\t\t\t<div class=\"elementor-spacer\">\n\t\t\t<div class=\"elementor-spacer-inner\"><\/div>\n\t\t<\/div>\n\t\t\t\t\t\t<\/div>\n\t\t\t\t<\/div>\n\t\t\t\t\t<\/div>\n\t\t<\/div>\n\t\t\t\t<div class=\"elementor-column elementor-col-66 elementor-top-column elementor-element elementor-element-548144c\" data-id=\"548144c\" data-element_type=\"column\" data-e-type=\"column\">\n\t\t\t<div class=\"elementor-widget-wrap elementor-element-populated\">\n\t\t\t\t\t\t<div class=\"elementor-element elementor-element-94b3fa1 elementor-widget elementor-widget-heading\" data-id=\"94b3fa1\" data-element_type=\"widget\" data-e-type=\"widget\" data-widget_type=\"heading.default\">\n\t\t\t\t<div class=\"elementor-widget-container\">\n\t\t\t\t\t<h2 class=\"elementor-heading-title elementor-size-default\">Soluzioni su misura<\/h2>\t\t\t\t<\/div>\n\t\t\t\t<\/div>\n\t\t\t\t<div class=\"elementor-element elementor-element-c93811e elementor-widget elementor-widget-text-editor\" data-id=\"c93811e\" data-element_type=\"widget\" data-e-type=\"widget\" data-widget_type=\"text-editor.default\">\n\t\t\t\t<div class=\"elementor-widget-container\">\n\t\t\t\t\t\t\t\t\t<p>Ci\u00f2 che distingue EVEREX\u00a0 dai propri concorrenti \u00e8 poter riuscire a creare soluzioni su misura per ogni tipo di situazione o necessit\u00e0.<\/p><p>Questo presuppone saper ascoltare i bisogni del cliente, poter essere flessibili per assecondare necessit\u00e0 diverse, garantendo allo stesso tempo un livello di qualit\u00e0 del lavoro altissimo e una trasparenza e onest\u00e0 massima che permette un servizio riservato ed esclusivo ad ogni suo partner.<\/p><p>Queste sono le caratteristiche che rendono EVEREX\u00a0 un player unico nel mercato, che fa dell\u2019eccellenza la sua arma vincente.<\/p>\t\t\t\t\t\t\t\t<\/div>\n\t\t\t\t<\/div>\n\t\t\t\t<div class=\"elementor-element elementor-element-db0c1f8 elementor-widget elementor-widget-spacer\" data-id=\"db0c1f8\" data-element_type=\"widget\" data-e-type=\"widget\" data-widget_type=\"spacer.default\">\n\t\t\t\t<div class=\"elementor-widget-container\">\n\t\t\t\t\t\t\t<div class=\"elementor-spacer\">\n\t\t\t<div class=\"elementor-spacer-inner\"><\/div>\n\t\t<\/div>\n\t\t\t\t\t\t<\/div>\n\t\t\t\t<\/div>\n\t\t\t\t\t<\/div>\n\t\t<\/div>\n\t\t\t\t\t<\/div>\n\t\t<\/section>\n\t\t\t\t<section class=\"elementor-section elementor-top-section elementor-element elementor-element-283a686 elementor-section-boxed elementor-section-height-default elementor-section-height-default\" data-id=\"283a686\" data-element_type=\"section\" data-e-type=\"section\">\n\t\t\t\t\t\t<div class=\"elementor-container elementor-column-gap-default\">\n\t\t\t\t\t<div class=\"elementor-column elementor-col-100 elementor-top-column elementor-element elementor-element-232bc06\" data-id=\"232bc06\" data-element_type=\"column\" data-e-type=\"column\">\n\t\t\t<div class=\"elementor-widget-wrap elementor-element-populated\">\n\t\t\t\t\t\t<div class=\"elementor-element elementor-element-a4adee8 elementor-widget elementor-widget-spacer\" data-id=\"a4adee8\" data-element_type=\"widget\" data-e-type=\"widget\" data-widget_type=\"spacer.default\">\n\t\t\t\t<div class=\"elementor-widget-container\">\n\t\t\t\t\t\t\t<div class=\"elementor-spacer\">\n\t\t\t<div class=\"elementor-spacer-inner\"><\/div>\n\t\t<\/div>\n\t\t\t\t\t\t<\/div>\n\t\t\t\t<\/div>\n\t\t\t\t\t<\/div>\n\t\t<\/div>\n\t\t\t\t\t<\/div>\n\t\t<\/section>\n\t\t\t\t<\/div>\n\t\t","protected":false},"excerpt":{"rendered":"<p>\u00bb In cosa crediamo\u00a0 CHI SIAMO\u200b Siamo un\u2019azienda di Engineering. La professionalit\u00e0 e la passione ingegneristica rappresentano il nucleo di competenze aziendali che stanno alla base della nostra filosofia e del nostro lavoro. Questa si declina in un continuo investimento sull\u2019innovazione e su una forte valorizzazione delle risorse umane che risultano in soluzioni su misura [&hellip;]<\/p>\n","protected":false},"author":2,"featured_media":0,"parent":1577,"menu_order":0,"comment_status":"closed","ping_status":"closed","template":"elementor_header_footer","meta":{"_acf_changed":false,"footnotes":""},"class_list":["post-1576","page","type-page","status-publish","hentry"],"acf":[],"_links":{"self":[{"href":"https:\/\/www.everex.org\/it\/wp-json\/wp\/v2\/pages\/1576","targetHints":{"allow":["GET"]}}],"collection":[{"href":"https:\/\/www.everex.org\/it\/wp-json\/wp\/v2\/pages"}],"about":[{"href":"https:\/\/www.everex.org\/it\/wp-json\/wp\/v2\/types\/page"}],"author":[{"embeddable":true,"href":"https:\/\/www.everex.org\/it\/wp-json\/wp\/v2\/users\/2"}],"replies":[{"embeddable":true,"href":"https:\/\/www.everex.org\/it\/wp-json\/wp\/v2\/comments?post=1576"}],"version-history":[{"count":151,"href":"https:\/\/www.everex.org\/it\/wp-json\/wp\/v2\/pages\/1576\/revisions"}],"predecessor-version":[{"id":3830,"href":"https:\/\/www.everex.org\/it\/wp-json\/wp\/v2\/pages\/1576\/revisions\/3830"}],"up":[{"embeddable":true,"href":"https:\/\/www.everex.org\/it\/wp-json\/wp\/v2\/pages\/1577"}],"wp:attachment":[{"href":"https:\/\/www.everex.org\/it\/wp-json\/wp\/v2\/media?parent=1576"}],"curies":[{"name":"wp","href":"https:\/\/api.w.org\/{rel}","templated":true}]}}