{"id":1742,"date":"2021-03-12T14:50:07","date_gmt":"2021-03-12T13:50:07","guid":{"rendered":"https:\/\/www.everex.org\/?page_id=1742"},"modified":"2026-03-10T11:36:15","modified_gmt":"2026-03-10T10:36:15","slug":"qualita-iso","status":"publish","type":"page","link":"https:\/\/www.everex.org\/it\/azienda\/qualita-iso\/","title":{"rendered":"Qualit\u00e0"},"content":{"rendered":"\t\t<div data-elementor-type=\"wp-page\" data-elementor-id=\"1742\" class=\"elementor elementor-1742\" data-elementor-post-type=\"page\">\n\t\t\t\t\t\t<section class=\"elementor-section elementor-top-section elementor-element elementor-element-c9b90be elementor-section-height-min-height elementor-section-boxed elementor-section-height-default elementor-section-items-middle\" data-id=\"c9b90be\" data-element_type=\"section\" data-e-type=\"section\" data-settings=\"{&quot;background_background&quot;:&quot;classic&quot;}\">\n\t\t\t\t\t\t\t<div class=\"elementor-background-overlay\"><\/div>\n\t\t\t\t\t\t\t<div class=\"elementor-container elementor-column-gap-default\">\n\t\t\t\t\t<div class=\"elementor-column elementor-col-100 elementor-top-column elementor-element elementor-element-a154c03\" data-id=\"a154c03\" data-element_type=\"column\" data-e-type=\"column\">\n\t\t\t<div class=\"elementor-widget-wrap\">\n\t\t\t\t\t\t\t<\/div>\n\t\t<\/div>\n\t\t\t\t\t<\/div>\n\t\t<\/section>\n\t\t\t\t<section class=\"elementor-section elementor-top-section elementor-element elementor-element-9fbec24 elementor-section-height-min-height elementor-hidden-desktop elementor-hidden-tablet elementor-hidden-phone elementor-section-boxed elementor-section-height-default elementor-section-items-middle\" data-id=\"9fbec24\" data-element_type=\"section\" data-e-type=\"section\" data-settings=\"{&quot;background_background&quot;:&quot;classic&quot;}\">\n\t\t\t\t\t\t<div class=\"elementor-container elementor-column-gap-default\">\n\t\t\t\t\t<div class=\"elementor-column elementor-col-50 elementor-top-column elementor-element elementor-element-d37035a\" data-id=\"d37035a\" data-element_type=\"column\" data-e-type=\"column\">\n\t\t\t<div class=\"elementor-widget-wrap\">\n\t\t\t\t\t\t\t<\/div>\n\t\t<\/div>\n\t\t\t\t<div class=\"elementor-column elementor-col-50 elementor-top-column elementor-element elementor-element-9c6e418\" data-id=\"9c6e418\" data-element_type=\"column\" data-e-type=\"column\">\n\t\t\t<div class=\"elementor-widget-wrap elementor-element-populated\">\n\t\t\t\t\t\t<div class=\"elementor-element elementor-element-70df4c7 elementor-widget elementor-widget-text-editor\" data-id=\"70df4c7\" data-element_type=\"widget\" data-e-type=\"widget\" data-widget_type=\"text-editor.default\">\n\t\t\t\t<div class=\"elementor-widget-container\">\n\t\t\t\t\t\t\t\t\t<p style=\"text-align: right;\"><a href=\"https:\/\/www.everex.org\/azienda\/chi-siamo\/\">\u00bb Chi siamo<\/a><\/p>\t\t\t\t\t\t\t\t<\/div>\n\t\t\t\t<\/div>\n\t\t\t\t\t<\/div>\n\t\t<\/div>\n\t\t\t\t\t<\/div>\n\t\t<\/section>\n\t\t\t\t<section class=\"elementor-section elementor-top-section elementor-element elementor-element-35cd873 elementor-section-height-min-height elementor-section-content-top elementor-section-boxed elementor-section-height-default elementor-section-items-middle\" data-id=\"35cd873\" data-element_type=\"section\" data-e-type=\"section\">\n\t\t\t\t\t\t<div class=\"elementor-container elementor-column-gap-default\">\n\t\t\t\t\t<div class=\"elementor-column elementor-col-100 elementor-top-column elementor-element elementor-element-8c69152\" data-id=\"8c69152\" data-element_type=\"column\" data-e-type=\"column\">\n\t\t\t<div class=\"elementor-widget-wrap elementor-element-populated\">\n\t\t\t\t\t\t<div class=\"elementor-element elementor-element-ff5d5ac titolo-pagina elementor-invisible elementor-widget elementor-widget-heading\" data-id=\"ff5d5ac\" data-element_type=\"widget\" data-e-type=\"widget\" data-settings=\"{&quot;_animation&quot;:&quot;fadeIn&quot;,&quot;_animation_delay&quot;:400}\" data-widget_type=\"heading.default\">\n\t\t\t\t<div class=\"elementor-widget-container\">\n\t\t\t\t\t<h2 class=\"elementor-heading-title elementor-size-default\">QUALIT\u00c0<\/h2>\t\t\t\t<\/div>\n\t\t\t\t<\/div>\n\t\t\t\t<div class=\"elementor-element elementor-element-1c88d54 elementor-widget elementor-widget-text-editor\" data-id=\"1c88d54\" data-element_type=\"widget\" data-e-type=\"widget\" data-widget_type=\"text-editor.default\">\n\t\t\t\t<div class=\"elementor-widget-container\">\n\t\t\t\t\t\t\t\t\t<p>Per garantire il successo delle nostre attivit\u00e0 siamo impegnati nel continuo perfezionamento del sistema di gestione della qualit\u00e0 e mettiamo al centro delle attivit\u00e0 l\u2019attenzione ai bisogni dei partner ed il continuo miglioramento dei processi.<\/p><p>Promuoviamo la formazione continua del personale da un punto di vista tecnico per garantire ai partner un vantaggio competitivo di prodotto sul mercato, sia per quanto riguarda le performance sia per quanto riguarda il rispetto dei requisiti regolatori europei ed internazionali.<\/p><p>Con i nostri partner instauriamo la formazione di legami duraturi al fine di dare continuit\u00e0 al business e di incrementare la qualit\u00e0 dei prodotti o dei servizi forniti.<\/p><p>Integriamo in modo flessibile il nostro know-how con quello dei partner, per raggiungere gli obiettivi desiderati. In conformit\u00e0 agli standard internazionali di settore forniamo supporto in ambiti chiave della progettazione e dello sviluppo dei dispositivi, quali la gestione del rischio, l\u2019usabilit\u00e0 e la realizzazione sicura di firmware e software. Ci avvaliamo inoltre di applicativi avanzati per automatizzare e semplificare la stesura della complessa documentazione di progetto.<\/p><p>Monitoriamo il mercato e analizziamo i reclami dei partner, provvedendo a definire le opportune azioni correttive. Utilizziamo a questo proposito un sistema proprietario di vigilanza per comunicare con le istituzioni e monitorare la catena di distribuzione dei prodotti fino all\u2019utilizzatore finale.<\/p><p>Consideriamo un valore importantissimo il rispetto dell\u2019ambiente e per questo monitoriamo con costanza la performance ambientale dell\u2019azienda e di tutti i partner in un&#8217;ottica di minimizzazione dell\u2019impatto ambientale e di rispetto delle leggi e dei regolamenti in materia.<br \/>Infine monitoriamo il rispetto delle leggi sulla sicurezza del lavoro sia internamente che presso i fornitori esterni.<\/p>\t\t\t\t\t\t\t\t<\/div>\n\t\t\t\t<\/div>\n\t\t\t\t\t<\/div>\n\t\t<\/div>\n\t\t\t\t\t<\/div>\n\t\t<\/section>\n\t\t\t\t<section class=\"elementor-section elementor-top-section elementor-element elementor-element-6d4b538 elementor-section-height-min-height elementor-section-content-top elementor-section-boxed elementor-section-height-default elementor-section-items-middle\" data-id=\"6d4b538\" data-element_type=\"section\" data-e-type=\"section\" data-settings=\"{&quot;background_background&quot;:&quot;classic&quot;}\">\n\t\t\t\t\t\t<div class=\"elementor-container elementor-column-gap-default\">\n\t\t\t\t\t<div class=\"elementor-column elementor-col-100 elementor-top-column elementor-element elementor-element-edd9f06\" data-id=\"edd9f06\" data-element_type=\"column\" data-e-type=\"column\">\n\t\t\t<div class=\"elementor-widget-wrap elementor-element-populated\">\n\t\t\t\t\t\t<section class=\"elementor-section elementor-inner-section elementor-element elementor-element-a1cc244 elementor-section-boxed elementor-section-height-default elementor-section-height-default\" data-id=\"a1cc244\" data-element_type=\"section\" data-e-type=\"section\">\n\t\t\t\t\t\t<div class=\"elementor-container elementor-column-gap-default\">\n\t\t\t\t\t<div class=\"elementor-column elementor-col-100 elementor-inner-column elementor-element elementor-element-4d2eb60\" data-id=\"4d2eb60\" data-element_type=\"column\" data-e-type=\"column\">\n\t\t\t<div class=\"elementor-widget-wrap elementor-element-populated\">\n\t\t\t\t\t\t<div class=\"elementor-element elementor-element-2e02798 elementor-invisible elementor-widget elementor-widget-heading\" data-id=\"2e02798\" data-element_type=\"widget\" data-e-type=\"widget\" data-settings=\"{&quot;_animation&quot;:&quot;fadeInUp&quot;,&quot;_animation_delay&quot;:400}\" data-widget_type=\"heading.default\">\n\t\t\t\t<div class=\"elementor-widget-container\">\n\t\t\t\t\t<h2 class=\"elementor-heading-title elementor-size-default\">certificazioni<\/h2>\t\t\t\t<\/div>\n\t\t\t\t<\/div>\n\t\t\t\t<div class=\"elementor-element elementor-element-682cee1 elementor-widget elementor-widget-image\" data-id=\"682cee1\" data-element_type=\"widget\" data-e-type=\"widget\" data-widget_type=\"image.default\">\n\t\t\t\t<div class=\"elementor-widget-container\">\n\t\t\t\t\t\t\t\t\t\t\t\t\t\t\t<img fetchpriority=\"high\" decoding=\"async\" width=\"800\" height=\"287\" src=\"https:\/\/www.everex.org\/wp-content\/uploads\/2021\/03\/Logo_bureau-2021-01-07.png\" class=\"attachment-large size-large wp-image-868\" alt=\"\" srcset=\"https:\/\/www.everex.org\/wp-content\/uploads\/2021\/03\/Logo_bureau-2021-01-07.png 948w, https:\/\/www.everex.org\/wp-content\/uploads\/2021\/03\/Logo_bureau-2021-01-07-300x108.png 300w, https:\/\/www.everex.org\/wp-content\/uploads\/2021\/03\/Logo_bureau-2021-01-07-768x275.png 768w\" sizes=\"(max-width: 800px) 100vw, 800px\" \/>\t\t\t\t\t\t\t\t\t\t\t\t\t\t\t<\/div>\n\t\t\t\t<\/div>\n\t\t\t\t\t<\/div>\n\t\t<\/div>\n\t\t\t\t\t<\/div>\n\t\t<\/section>\n\t\t\t\t<section class=\"elementor-section elementor-inner-section elementor-element elementor-element-efb6835 elementor-section-height-min-height elementor-section-content-middle elementor-section-boxed elementor-section-height-default\" data-id=\"efb6835\" data-element_type=\"section\" data-e-type=\"section\">\n\t\t\t\t\t\t<div class=\"elementor-container elementor-column-gap-default\">\n\t\t\t\t\t<div class=\"elementor-column elementor-col-33 elementor-inner-column elementor-element elementor-element-72eeb5e\" data-id=\"72eeb5e\" data-element_type=\"column\" data-e-type=\"column\">\n\t\t\t<div class=\"elementor-widget-wrap elementor-element-populated\">\n\t\t\t\t\t\t<div class=\"elementor-element elementor-element-60762e9 elementor-align-center elementor-widget elementor-widget-button\" data-id=\"60762e9\" data-element_type=\"widget\" data-e-type=\"widget\" data-widget_type=\"button.default\">\n\t\t\t\t<div class=\"elementor-widget-container\">\n\t\t\t\t\t\t\t\t\t<div class=\"elementor-button-wrapper\">\n\t\t\t\t\t<a class=\"elementor-button elementor-button-link elementor-size-md\" href=\"https:\/\/www.everex.org\/wp-content\/uploads\/2026\/03\/Certificate-IT345102-EVEREX-S.R.L-iso13485-ITA.pdf\" target=\"_blank\">\n\t\t\t\t\t\t<span class=\"elementor-button-content-wrapper\">\n\t\t\t\t\t\t<span class=\"elementor-button-icon\">\n\t\t\t\t<i aria-hidden=\"true\" class=\"far fa-file-pdf\"><\/i>\t\t\t<\/span>\n\t\t\t\t\t\t\t\t\t<span class=\"elementor-button-text\">ISO 13485:2016<\/span>\n\t\t\t\t\t<\/span>\n\t\t\t\t\t<\/a>\n\t\t\t\t<\/div>\n\t\t\t\t\t\t\t\t<\/div>\n\t\t\t\t<\/div>\n\t\t\t\t\t<\/div>\n\t\t<\/div>\n\t\t\t\t<div class=\"elementor-column elementor-col-33 elementor-inner-column elementor-element elementor-element-958e9c8\" data-id=\"958e9c8\" data-element_type=\"column\" data-e-type=\"column\">\n\t\t\t<div class=\"elementor-widget-wrap elementor-element-populated\">\n\t\t\t\t\t\t<div class=\"elementor-element elementor-element-98fd769 elementor-align-center elementor-widget elementor-widget-button\" data-id=\"98fd769\" data-element_type=\"widget\" data-e-type=\"widget\" data-widget_type=\"button.default\">\n\t\t\t\t<div class=\"elementor-widget-container\">\n\t\t\t\t\t\t\t\t\t<div class=\"elementor-button-wrapper\">\n\t\t\t\t\t<a class=\"elementor-button elementor-button-link elementor-size-md\" href=\"https:\/\/www.everex.org\/wp-content\/uploads\/2026\/03\/Certificate-IT345103-EVEREX-S.R.L-iso9001-ITA.pdf\" target=\"_blank\">\n\t\t\t\t\t\t<span class=\"elementor-button-content-wrapper\">\n\t\t\t\t\t\t<span class=\"elementor-button-icon\">\n\t\t\t\t<i aria-hidden=\"true\" class=\"far fa-file-pdf\"><\/i>\t\t\t<\/span>\n\t\t\t\t\t\t\t\t\t<span class=\"elementor-button-text\">ISO 9001:2015<\/span>\n\t\t\t\t\t<\/span>\n\t\t\t\t\t<\/a>\n\t\t\t\t<\/div>\n\t\t\t\t\t\t\t\t<\/div>\n\t\t\t\t<\/div>\n\t\t\t\t\t<\/div>\n\t\t<\/div>\n\t\t\t\t<div class=\"elementor-column elementor-col-33 elementor-inner-column elementor-element elementor-element-371417c\" data-id=\"371417c\" data-element_type=\"column\" data-e-type=\"column\">\n\t\t\t<div class=\"elementor-widget-wrap elementor-element-populated\">\n\t\t\t\t\t\t<div class=\"elementor-element elementor-element-2f133bf elementor-align-center elementor-widget elementor-widget-button\" data-id=\"2f133bf\" data-element_type=\"widget\" data-e-type=\"widget\" data-widget_type=\"button.default\">\n\t\t\t\t<div class=\"elementor-widget-container\">\n\t\t\t\t\t\t\t\t\t<div class=\"elementor-button-wrapper\">\n\t\t\t\t\t<a class=\"elementor-button elementor-button-link elementor-size-md\" href=\"https:\/\/www.everex.org\/wp-content\/uploads\/2023\/03\/Certificate-IT303742_EVEREX-ISO-14001.pdf\" target=\"_blank\">\n\t\t\t\t\t\t<span class=\"elementor-button-content-wrapper\">\n\t\t\t\t\t\t<span class=\"elementor-button-icon\">\n\t\t\t\t<i aria-hidden=\"true\" class=\"far fa-file-pdf\"><\/i>\t\t\t<\/span>\n\t\t\t\t\t\t\t\t\t<span class=\"elementor-button-text\">ISO 14001:2015<\/span>\n\t\t\t\t\t<\/span>\n\t\t\t\t\t<\/a>\n\t\t\t\t<\/div>\n\t\t\t\t\t\t\t\t<\/div>\n\t\t\t\t<\/div>\n\t\t\t\t\t<\/div>\n\t\t<\/div>\n\t\t\t\t\t<\/div>\n\t\t<\/section>\n\t\t\t\t\t<\/div>\n\t\t<\/div>\n\t\t\t\t\t<\/div>\n\t\t<\/section>\n\t\t\t\t<\/div>\n\t\t","protected":false},"excerpt":{"rendered":"<p>\u00bb Chi siamo QUALIT\u00c0 Per garantire il successo delle nostre attivit\u00e0 siamo impegnati nel continuo perfezionamento del sistema di gestione della qualit\u00e0 e mettiamo al centro delle attivit\u00e0 l\u2019attenzione ai bisogni dei partner ed il continuo miglioramento dei processi. Promuoviamo la formazione continua del personale da un punto di vista tecnico per garantire ai partner [&hellip;]<\/p>\n","protected":false},"author":2,"featured_media":0,"parent":1577,"menu_order":0,"comment_status":"closed","ping_status":"closed","template":"elementor_header_footer","meta":{"_acf_changed":false,"footnotes":""},"class_list":["post-1742","page","type-page","status-publish","hentry"],"acf":[],"_links":{"self":[{"href":"https:\/\/www.everex.org\/it\/wp-json\/wp\/v2\/pages\/1742","targetHints":{"allow":["GET"]}}],"collection":[{"href":"https:\/\/www.everex.org\/it\/wp-json\/wp\/v2\/pages"}],"about":[{"href":"https:\/\/www.everex.org\/it\/wp-json\/wp\/v2\/types\/page"}],"author":[{"embeddable":true,"href":"https:\/\/www.everex.org\/it\/wp-json\/wp\/v2\/users\/2"}],"replies":[{"embeddable":true,"href":"https:\/\/www.everex.org\/it\/wp-json\/wp\/v2\/comments?post=1742"}],"version-history":[{"count":77,"href":"https:\/\/www.everex.org\/it\/wp-json\/wp\/v2\/pages\/1742\/revisions"}],"predecessor-version":[{"id":5824,"href":"https:\/\/www.everex.org\/it\/wp-json\/wp\/v2\/pages\/1742\/revisions\/5824"}],"up":[{"embeddable":true,"href":"https:\/\/www.everex.org\/it\/wp-json\/wp\/v2\/pages\/1577"}],"wp:attachment":[{"href":"https:\/\/www.everex.org\/it\/wp-json\/wp\/v2\/media?parent=1742"}],"curies":[{"name":"wp","href":"https:\/\/api.w.org\/{rel}","templated":true}]}}