{"id":251,"date":"2021-02-24T16:11:31","date_gmt":"2021-02-24T15:11:31","guid":{"rendered":"http:\/\/www.everex.org\/?page_id=251"},"modified":"2025-01-24T15:59:56","modified_gmt":"2025-01-24T14:59:56","slug":"competenze-chiave","status":"publish","type":"page","link":"https:\/\/www.everex.org\/it\/soluzioni\/competenze-chiave\/","title":{"rendered":"Competenze chiave"},"content":{"rendered":"\t\t<div data-elementor-type=\"wp-page\" data-elementor-id=\"251\" class=\"elementor elementor-251\" data-elementor-post-type=\"page\">\n\t\t\t\t\t\t<section class=\"elementor-section elementor-top-section elementor-element elementor-element-7a8c15f elementor-section-height-min-height elementor-section-boxed elementor-section-height-default elementor-section-items-middle\" data-id=\"7a8c15f\" data-element_type=\"section\" data-e-type=\"section\" data-settings=\"{&quot;background_background&quot;:&quot;classic&quot;}\">\n\t\t\t\t\t\t\t<div class=\"elementor-background-overlay\"><\/div>\n\t\t\t\t\t\t\t<div class=\"elementor-container elementor-column-gap-default\">\n\t\t\t\t\t<div class=\"elementor-column elementor-col-100 elementor-top-column elementor-element elementor-element-e09d48a\" data-id=\"e09d48a\" data-element_type=\"column\" data-e-type=\"column\">\n\t\t\t<div class=\"elementor-widget-wrap\">\n\t\t\t\t\t\t\t<\/div>\n\t\t<\/div>\n\t\t\t\t\t<\/div>\n\t\t<\/section>\n\t\t\t\t<section class=\"elementor-section elementor-top-section elementor-element elementor-element-74190e0 elementor-section-height-min-height elementor-hidden-desktop elementor-hidden-tablet elementor-hidden-phone elementor-section-boxed elementor-section-height-default elementor-section-items-middle\" data-id=\"74190e0\" data-element_type=\"section\" data-e-type=\"section\" data-settings=\"{&quot;background_background&quot;:&quot;classic&quot;}\">\n\t\t\t\t\t\t<div class=\"elementor-container elementor-column-gap-default\">\n\t\t\t\t\t<div class=\"elementor-column elementor-col-50 elementor-top-column elementor-element elementor-element-73a6b29\" data-id=\"73a6b29\" data-element_type=\"column\" data-e-type=\"column\">\n\t\t\t<div class=\"elementor-widget-wrap\">\n\t\t\t\t\t\t\t<\/div>\n\t\t<\/div>\n\t\t\t\t<div class=\"elementor-column elementor-col-50 elementor-top-column elementor-element elementor-element-c0cda2f\" data-id=\"c0cda2f\" data-element_type=\"column\" data-e-type=\"column\">\n\t\t\t<div class=\"elementor-widget-wrap elementor-element-populated\">\n\t\t\t\t\t\t<div class=\"elementor-element elementor-element-2a94164 elementor-widget elementor-widget-text-editor\" data-id=\"2a94164\" data-element_type=\"widget\" data-e-type=\"widget\" data-widget_type=\"text-editor.default\">\n\t\t\t\t<div class=\"elementor-widget-container\">\n\t\t\t\t\t\t\t\t\t<p style=\"text-align: right;\"><a href=\"https:\/\/www.everex.org\/soluzioni\/tecnologia\/\">\u00bb Tecnologia<\/a><\/p>\t\t\t\t\t\t\t\t<\/div>\n\t\t\t\t<\/div>\n\t\t\t\t\t<\/div>\n\t\t<\/div>\n\t\t\t\t\t<\/div>\n\t\t<\/section>\n\t\t\t\t<section class=\"elementor-section elementor-top-section elementor-element elementor-element-d270173 elementor-section-height-min-height elementor-section-content-top elementor-section-boxed elementor-section-height-default elementor-section-items-middle\" data-id=\"d270173\" data-element_type=\"section\" data-e-type=\"section\">\n\t\t\t\t\t\t<div class=\"elementor-container elementor-column-gap-default\">\n\t\t\t\t\t<div class=\"elementor-column elementor-col-100 elementor-top-column elementor-element elementor-element-d1b17e8\" data-id=\"d1b17e8\" data-element_type=\"column\" data-e-type=\"column\">\n\t\t\t<div class=\"elementor-widget-wrap elementor-element-populated\">\n\t\t\t\t\t\t<div class=\"elementor-element elementor-element-dd195eb titolo-pagina elementor-invisible elementor-widget elementor-widget-heading\" data-id=\"dd195eb\" data-element_type=\"widget\" data-e-type=\"widget\" data-settings=\"{&quot;_animation&quot;:&quot;fadeIn&quot;,&quot;_animation_delay&quot;:400}\" data-widget_type=\"heading.default\">\n\t\t\t\t<div class=\"elementor-widget-container\">\n\t\t\t\t\t<h2 class=\"elementor-heading-title elementor-size-default\">competenze chiave<\/h2>\t\t\t\t<\/div>\n\t\t\t\t<\/div>\n\t\t\t\t<div class=\"elementor-element elementor-element-79a23e2 elementor-widget elementor-widget-text-editor\" data-id=\"79a23e2\" data-element_type=\"widget\" data-e-type=\"widget\" data-widget_type=\"text-editor.default\">\n\t\t\t\t<div class=\"elementor-widget-container\">\n\t\t\t\t\t\t\t\t\t<p>Abbiamo l\u2019obbiettivo di riuscire a soddisfare le richieste e bisogni dei partner trasformandoli in soluzioni tecnologiche avanzate.<\/p><p>Crediamo che il successo dei nostri partner sia il miglior biglietto da visita, per questo mettiamo l\u2019esperienza che abbiamo costruito nell&#8217;automazione, al servizio di chi vuole condividere con noi i propri obiettivi.<\/p><p>Siamo determinati a utilizzare tutte le competenze a disposizione mantenendo lo sguardo verso un futuro dove le nuove frontiere sono frutto di immaginazione, curiosit\u00e0 e desiderio di andare oltre i limiti. Con il giusto partner il successo pu\u00f2 essere prevedibile.<\/p><p>Siamo certi che l\u2019etica, la professionalit\u00e0 e la curiosit\u00e0 nell\u2019esplorare soluzioni alternative siano gli ingredienti di base per un progetto vincente. Siamo consulenti a 360 gradi in un\u2019ottica di fiducia e collaborazione, che ci spinge a promuovere la cultura del miglioramento.<\/p>\t\t\t\t\t\t\t\t<\/div>\n\t\t\t\t<\/div>\n\t\t\t\t\t<\/div>\n\t\t<\/div>\n\t\t\t\t\t<\/div>\n\t\t<\/section>\n\t\t\t\t<section class=\"elementor-section elementor-top-section elementor-element elementor-element-5167027 elementor-section-height-min-height elementor-section-stretched corecomp elementor-section-boxed elementor-section-height-default elementor-section-items-middle\" data-id=\"5167027\" data-element_type=\"section\" data-e-type=\"section\" data-settings=\"{&quot;stretch_section&quot;:&quot;section-stretched&quot;,&quot;background_background&quot;:&quot;classic&quot;}\">\n\t\t\t\t\t\t\t<div class=\"elementor-background-overlay\"><\/div>\n\t\t\t\t\t\t\t<div class=\"elementor-container elementor-column-gap-default\">\n\t\t\t\t\t<div class=\"elementor-column elementor-col-100 elementor-top-column elementor-element elementor-element-cacb72a\" data-id=\"cacb72a\" data-element_type=\"column\" data-e-type=\"column\">\n\t\t\t<div class=\"elementor-widget-wrap elementor-element-populated\">\n\t\t\t\t\t\t<div class=\"elementor-element elementor-element-4ed2aba elementor-tabs-alignment-center elementor-tabs-view-horizontal elementor-invisible elementor-widget elementor-widget-tabs\" data-id=\"4ed2aba\" data-element_type=\"widget\" data-e-type=\"widget\" data-settings=\"{&quot;_animation&quot;:&quot;fadeIn&quot;}\" data-widget_type=\"tabs.default\">\n\t\t\t\t<div class=\"elementor-widget-container\">\n\t\t\t\t\t\t\t<div class=\"elementor-tabs\">\n\t\t\t<div class=\"elementor-tabs-wrapper\" role=\"tablist\" >\n\t\t\t\t\t\t\t\t\t<div id=\"elementor-tab-title-8261\" class=\"elementor-tab-title elementor-tab-desktop-title\" aria-selected=\"true\" data-tab=\"1\" role=\"tab\" tabindex=\"0\" aria-controls=\"elementor-tab-content-8261\" aria-expanded=\"false\">CONSULENZA<\/div>\n\t\t\t\t\t\t\t\t\t<div id=\"elementor-tab-title-8262\" class=\"elementor-tab-title elementor-tab-desktop-title\" aria-selected=\"false\" data-tab=\"2\" role=\"tab\" tabindex=\"-1\" aria-controls=\"elementor-tab-content-8262\" aria-expanded=\"false\">sviluppo di prodotto<\/div>\n\t\t\t\t\t\t\t\t\t<div id=\"elementor-tab-title-8263\" class=\"elementor-tab-title elementor-tab-desktop-title\" aria-selected=\"false\" data-tab=\"3\" role=\"tab\" tabindex=\"-1\" aria-controls=\"elementor-tab-content-8263\" aria-expanded=\"false\">Produzione<\/div>\n\t\t\t\t\t\t\t\t\t<div id=\"elementor-tab-title-8264\" class=\"elementor-tab-title elementor-tab-desktop-title\" aria-selected=\"false\" data-tab=\"4\" role=\"tab\" tabindex=\"-1\" aria-controls=\"elementor-tab-content-8264\" aria-expanded=\"false\">Assistenza<\/div>\n\t\t\t\t\t\t\t<\/div>\n\t\t\t<div class=\"elementor-tabs-content-wrapper\" role=\"tablist\" aria-orientation=\"vertical\">\n\t\t\t\t\t\t\t\t\t<div class=\"elementor-tab-title elementor-tab-mobile-title\" aria-selected=\"true\" data-tab=\"1\" role=\"tab\" tabindex=\"0\" aria-controls=\"elementor-tab-content-8261\" aria-expanded=\"false\">CONSULENZA<\/div>\n\t\t\t\t\t<div id=\"elementor-tab-content-8261\" class=\"elementor-tab-content elementor-clearfix\" data-tab=\"1\" role=\"tabpanel\" aria-labelledby=\"elementor-tab-title-8261\" tabindex=\"0\" hidden=\"false\"><p style=\"text-align: left;\"><img decoding=\"async\" class=\"size-full wp-image-2237 alignright\" src=\"https:\/\/www.everex.org\/wp-content\/uploads\/2021\/03\/DSC4359_0000__DSC4121_BIS3.jpg\" alt=\"\" width=\"450\" height=\"auto\" srcset=\"https:\/\/www.everex.org\/wp-content\/uploads\/2021\/03\/DSC4359_0000__DSC4121_BIS3.jpg 1000w, https:\/\/www.everex.org\/wp-content\/uploads\/2021\/03\/DSC4359_0000__DSC4121_BIS3-300x192.jpg 300w, https:\/\/www.everex.org\/wp-content\/uploads\/2021\/03\/DSC4359_0000__DSC4121_BIS3-768x492.jpg 768w\" sizes=\"(max-width: 1000px) 100vw, 1000px\" \/>Ci poniamo come punto di riferimento nello sviluppo di sistemi per la diagnostica di laboratorio, per trasformare un\u2019idea in automazione robotica. Tutto questo per dare la giusta esecuzione ad un campione biologico.<\/p>\n<p style=\"text-align: left;\">La nostra consulenza copre tutti i campi di applicazione per arrivare al prodotto finito. Analizziamo le esigenze del mercato di riferimento proponendo un\u2019architettura dello strumento completamente automatizzata, dove il supporto umano richiesto viene minimizzato, bench\u00e8 importante, riducendo i rischi legati al processo di analisi.<\/p>\n<p style=\"text-align: left;\">Lo studio di fattibilit\u00e0 del prodotto, la gestione del rischio e il calcolo corretto dell\u2019investimento necessario, ci rende un consulente fidato per il raggiungimento dell\u2019obiettivo.<\/p><\/div>\n\t\t\t\t\t\t\t\t\t<div class=\"elementor-tab-title elementor-tab-mobile-title\" aria-selected=\"false\" data-tab=\"2\" role=\"tab\" tabindex=\"-1\" aria-controls=\"elementor-tab-content-8262\" aria-expanded=\"false\">sviluppo di prodotto<\/div>\n\t\t\t\t\t<div id=\"elementor-tab-content-8262\" class=\"elementor-tab-content elementor-clearfix\" data-tab=\"2\" role=\"tabpanel\" aria-labelledby=\"elementor-tab-title-8262\" tabindex=\"0\" hidden=\"hidden\"><p style=\"text-align: left;\"><img decoding=\"async\" class=\"size-full wp-image-2241 alignright\" src=\"https:\/\/www.everex.org\/wp-content\/uploads\/2021\/03\/DSC4359_0003_Sfondo.jpg\" alt=\"\" width=\"450\" height=\"auto\" srcset=\"https:\/\/www.everex.org\/wp-content\/uploads\/2021\/03\/DSC4359_0003_Sfondo.jpg 1000w, https:\/\/www.everex.org\/wp-content\/uploads\/2021\/03\/DSC4359_0003_Sfondo-300x192.jpg 300w, https:\/\/www.everex.org\/wp-content\/uploads\/2021\/03\/DSC4359_0003_Sfondo-768x492.jpg 768w\" sizes=\"(max-width: 1000px) 100vw, 1000px\" \/>Elettronica, software a pi\u00f9 livelli, meccanica, precisa gestione dei liquidi, documentazione tecnica per le certificazioni e supporto alla registrazione dei prodotti nei paesi stranieri.<\/p><p>Mettiamo queste competenze, necessarie nell\u2019ambito dello sviluppo di un prodotto, per accompagnare i nostri partner sulla scelta corretta da fare per ottenere il risultato richiesto e per poter disporre di un sistema di automazione in grado di gestire reagenti, campioni e tutto il necessario per concludere i test di laboratorio in assoluta sicurezza e con la massima accuratezza.<\/p><p>Il successo di un prodotto \u00e8 determinato dalla capacit\u00e0 di immaginare il sistema a fronte delle richieste del partner, contestualizzate nel proprio mercato di riferimento. La tecnologia e la capacit\u00e0 industriale camminano di pari passo, per portare le idee dalla carta, ai sistemi di sviluppo computerizzati, alla fase di sviluppo del prototipo.<\/p><\/div>\n\t\t\t\t\t\t\t\t\t<div class=\"elementor-tab-title elementor-tab-mobile-title\" aria-selected=\"false\" data-tab=\"3\" role=\"tab\" tabindex=\"-1\" aria-controls=\"elementor-tab-content-8263\" aria-expanded=\"false\">Produzione<\/div>\n\t\t\t\t\t<div id=\"elementor-tab-content-8263\" class=\"elementor-tab-content elementor-clearfix\" data-tab=\"3\" role=\"tabpanel\" aria-labelledby=\"elementor-tab-title-8263\" tabindex=\"0\" hidden=\"hidden\"><p style=\"text-align: left;\"><img decoding=\"async\" class=\"size-full wp-image-2245 alignright\" src=\"https:\/\/www.everex.org\/wp-content\/uploads\/2021\/03\/DSC4359_0001__DSC4136s2-2.jpg\" alt=\"\" width=\"450\" height=\"auto\" srcset=\"https:\/\/www.everex.org\/wp-content\/uploads\/2021\/03\/DSC4359_0001__DSC4136s2-2.jpg 1000w, https:\/\/www.everex.org\/wp-content\/uploads\/2021\/03\/DSC4359_0001__DSC4136s2-2-300x192.jpg 300w, https:\/\/www.everex.org\/wp-content\/uploads\/2021\/03\/DSC4359_0001__DSC4136s2-2-768x492.jpg 768w\" sizes=\"(max-width: 1000px) 100vw, 1000px\" \/>Nel nostro stabilimento sviluppiamo tecniche di produzione in continua evoluzione. Abbiamo creato un laboratorio che si avvale di tecniche di prototipazione e produzione tridimensionale fra i pi\u00f9 completi.<\/p><p style=\"text-align: left;\">L\u2019assemblamento dei sotto assiemi, la calibrazione del prodotto finito, i test colorimetrici e nel prossimo futuro il controllo e la validazione chimica. Queste sono le capacit\u00e0 che mettiamo al servizio dei nostri partner.<\/p><p style=\"text-align: left;\">Una parte della produzione \u00e8 esternalizzata a km 0, verso fornitori che vengono selezionati scrupolosamente per garantire il massimo della qualit\u00e0 e della professionalit\u00e0. Il sito produttivo di EVEREX \u00e8 certificato ISO 9001, ISO 13485 e ISO 14000.<\/p><\/div>\n\t\t\t\t\t\t\t\t\t<div class=\"elementor-tab-title elementor-tab-mobile-title\" aria-selected=\"false\" data-tab=\"4\" role=\"tab\" tabindex=\"-1\" aria-controls=\"elementor-tab-content-8264\" aria-expanded=\"false\">Assistenza<\/div>\n\t\t\t\t\t<div id=\"elementor-tab-content-8264\" class=\"elementor-tab-content elementor-clearfix\" data-tab=\"4\" role=\"tabpanel\" aria-labelledby=\"elementor-tab-title-8264\" tabindex=\"0\" hidden=\"hidden\"><p style=\"text-align: left;\"><img decoding=\"async\" class=\"size-full wp-image-2249 alignright\" src=\"https:\/\/www.everex.org\/wp-content\/uploads\/2021\/03\/DSC4359_0002__DSC4168.jpg\" alt=\"\" width=\"450\" height=\"auto\" srcset=\"https:\/\/www.everex.org\/wp-content\/uploads\/2021\/03\/DSC4359_0002__DSC4168.jpg 1000w, https:\/\/www.everex.org\/wp-content\/uploads\/2021\/03\/DSC4359_0002__DSC4168-300x192.jpg 300w, https:\/\/www.everex.org\/wp-content\/uploads\/2021\/03\/DSC4359_0002__DSC4168-768x492.jpg 768w\" sizes=\"(max-width: 1000px) 100vw, 1000px\" \/>Offriamo il supporto necessario alla corretta gestione dello strumento sul mercato. Forniamo ai nostri partner corsi di formazione service e user, affinch\u00e9 l\u2019installazione dei sistemi automatici e la gestione del servizio di assistenza tecnica avvenga correttamente.<\/p><p style=\"text-align: left;\">Nell\u2019ottica di una gestione che permetta alla macchina di produrre giornalmente risultati certi e precisi, \u00e8 fondamentale un corretto utilizzo e manutenzione, per assicurare allo strumento un lungo ciclo di vita. Offriamo un supporto logistico nella gestione delle parti di ricambio e dei consumabili necessari al buon funzionamento dello strumento.<\/p><\/div>\n\t\t\t\t\t\t\t<\/div>\n\t\t<\/div>\n\t\t\t\t\t\t<\/div>\n\t\t\t\t<\/div>\n\t\t\t\t\t<\/div>\n\t\t<\/div>\n\t\t\t\t\t<\/div>\n\t\t<\/section>\n\t\t\t\t<\/div>\n\t\t","protected":false},"excerpt":{"rendered":"<p>\u00bb Tecnologia competenze chiave Abbiamo l\u2019obbiettivo di riuscire a soddisfare le richieste e bisogni dei partner trasformandoli in soluzioni tecnologiche avanzate. Crediamo che il successo dei nostri partner sia il miglior biglietto da visita, per questo mettiamo l\u2019esperienza che abbiamo costruito nell&#8217;automazione, al servizio di chi vuole condividere con noi i propri obiettivi. Siamo determinati [&hellip;]<\/p>\n","protected":false},"author":2,"featured_media":0,"parent":1037,"menu_order":0,"comment_status":"closed","ping_status":"closed","template":"elementor_header_footer","meta":{"_acf_changed":false,"footnotes":""},"class_list":["post-251","page","type-page","status-publish","hentry"],"acf":[],"_links":{"self":[{"href":"https:\/\/www.everex.org\/it\/wp-json\/wp\/v2\/pages\/251","targetHints":{"allow":["GET"]}}],"collection":[{"href":"https:\/\/www.everex.org\/it\/wp-json\/wp\/v2\/pages"}],"about":[{"href":"https:\/\/www.everex.org\/it\/wp-json\/wp\/v2\/types\/page"}],"author":[{"embeddable":true,"href":"https:\/\/www.everex.org\/it\/wp-json\/wp\/v2\/users\/2"}],"replies":[{"embeddable":true,"href":"https:\/\/www.everex.org\/it\/wp-json\/wp\/v2\/comments?post=251"}],"version-history":[{"count":467,"href":"https:\/\/www.everex.org\/it\/wp-json\/wp\/v2\/pages\/251\/revisions"}],"predecessor-version":[{"id":5652,"href":"https:\/\/www.everex.org\/it\/wp-json\/wp\/v2\/pages\/251\/revisions\/5652"}],"up":[{"embeddable":true,"href":"https:\/\/www.everex.org\/it\/wp-json\/wp\/v2\/pages\/1037"}],"wp:attachment":[{"href":"https:\/\/www.everex.org\/it\/wp-json\/wp\/v2\/media?parent=251"}],"curies":[{"name":"wp","href":"https:\/\/api.w.org\/{rel}","templated":true}]}}