{"id":3039,"date":"2021-03-22T11:17:40","date_gmt":"2021-03-22T10:17:40","guid":{"rendered":"https:\/\/www.everex.org\/?page_id=3039"},"modified":"2021-03-22T11:42:41","modified_gmt":"2021-03-22T10:42:41","slug":"news","status":"publish","type":"page","link":"https:\/\/www.everex.org\/it\/news\/","title":{"rendered":"News"},"content":{"rendered":"\t\t<div data-elementor-type=\"wp-page\" data-elementor-id=\"3039\" class=\"elementor elementor-3039\" data-elementor-post-type=\"page\">\n\t\t\t\t\t\t<section class=\"elementor-section elementor-top-section elementor-element elementor-element-74190e0 elementor-section-height-min-height elementor-hidden-desktop elementor-hidden-tablet elementor-hidden-phone elementor-section-boxed elementor-section-height-default elementor-section-items-middle\" data-id=\"74190e0\" data-element_type=\"section\" data-e-type=\"section\" data-settings=\"{&quot;background_background&quot;:&quot;classic&quot;}\">\n\t\t\t\t\t\t<div class=\"elementor-container elementor-column-gap-default\">\n\t\t\t\t\t<div class=\"elementor-column elementor-col-50 elementor-top-column elementor-element elementor-element-73a6b29\" data-id=\"73a6b29\" data-element_type=\"column\" data-e-type=\"column\">\n\t\t\t<div class=\"elementor-widget-wrap\">\n\t\t\t\t\t\t\t<\/div>\n\t\t<\/div>\n\t\t\t\t<div class=\"elementor-column elementor-col-50 elementor-top-column elementor-element elementor-element-c0cda2f\" data-id=\"c0cda2f\" data-element_type=\"column\" data-e-type=\"column\">\n\t\t\t<div class=\"elementor-widget-wrap elementor-element-populated\">\n\t\t\t\t\t\t<div class=\"elementor-element elementor-element-2a94164 elementor-widget elementor-widget-text-editor\" data-id=\"2a94164\" data-element_type=\"widget\" data-e-type=\"widget\" data-widget_type=\"text-editor.default\">\n\t\t\t\t<div class=\"elementor-widget-container\">\n\t\t\t\t\t\t\t\t\t<p style=\"text-align: right;\"><a href=\"https:\/\/www.everex.org\/soluzioni\/tecnologia\/\">\u00bb Tecnologia<\/a><\/p>\t\t\t\t\t\t\t\t<\/div>\n\t\t\t\t<\/div>\n\t\t\t\t\t<\/div>\n\t\t<\/div>\n\t\t\t\t\t<\/div>\n\t\t<\/section>\n\t\t\t\t<section class=\"elementor-section elementor-top-section elementor-element elementor-element-25e6e0d elementor-section-boxed elementor-section-height-default elementor-section-height-default\" data-id=\"25e6e0d\" data-element_type=\"section\" data-e-type=\"section\">\n\t\t\t\t\t\t<div class=\"elementor-container elementor-column-gap-default\">\n\t\t\t\t\t<div class=\"elementor-column elementor-col-100 elementor-top-column elementor-element elementor-element-114534c\" data-id=\"114534c\" data-element_type=\"column\" data-e-type=\"column\">\n\t\t\t<div class=\"elementor-widget-wrap elementor-element-populated\">\n\t\t\t\t\t\t<div class=\"elementor-element elementor-element-41f712e elementor-grid-3 elementor-grid-tablet-2 elementor-grid-mobile-1 elementor-posts--thumbnail-top elementor-card-shadow-yes elementor-posts__hover-gradient elementor-widget elementor-widget-posts\" data-id=\"41f712e\" data-element_type=\"widget\" data-e-type=\"widget\" data-settings=\"{&quot;cards_columns&quot;:&quot;3&quot;,&quot;cards_columns_tablet&quot;:&quot;2&quot;,&quot;cards_columns_mobile&quot;:&quot;1&quot;,&quot;cards_row_gap&quot;:{&quot;unit&quot;:&quot;px&quot;,&quot;size&quot;:35,&quot;sizes&quot;:[]},&quot;cards_row_gap_tablet&quot;:{&quot;unit&quot;:&quot;px&quot;,&quot;size&quot;:&quot;&quot;,&quot;sizes&quot;:[]},&quot;cards_row_gap_mobile&quot;:{&quot;unit&quot;:&quot;px&quot;,&quot;size&quot;:&quot;&quot;,&quot;sizes&quot;:[]}}\" data-widget_type=\"posts.cards\">\n\t\t\t\t<div class=\"elementor-widget-container\">\n\t\t\t\t\t\t\t<div class=\"elementor-posts-container elementor-posts elementor-posts--skin-cards elementor-grid\" role=\"list\">\n\t\t\t\t<article class=\"elementor-post elementor-grid-item post-3878 post type-post status-publish format-standard has-post-thumbnail hentry category-news\" role=\"listitem\">\n\t\t\t<div class=\"elementor-post__card\">\n\t\t\t\t<a class=\"elementor-post__thumbnail__link\" href=\"https:\/\/www.everex.org\/it\/ricerca-e-sviluppo-per-prodotti-all-avanguardia\/\" tabindex=\"-1\" ><div class=\"elementor-post__thumbnail\"><img fetchpriority=\"high\" decoding=\"async\" width=\"717\" height=\"1024\" src=\"https:\/\/www.everex.org\/wp-content\/uploads\/2021\/04\/PLATINUM-EVEREX-foto-717x1024.jpg\" class=\"attachment-large size-large wp-image-3870\" alt=\"\" srcset=\"https:\/\/www.everex.org\/wp-content\/uploads\/2021\/04\/PLATINUM-EVEREX-foto-717x1024.jpg 717w, https:\/\/www.everex.org\/wp-content\/uploads\/2021\/04\/PLATINUM-EVEREX-foto-210x300.jpg 210w, https:\/\/www.everex.org\/wp-content\/uploads\/2021\/04\/PLATINUM-EVEREX-foto-768x1097.jpg 768w, https:\/\/www.everex.org\/wp-content\/uploads\/2021\/04\/PLATINUM-EVEREX-foto.jpg 805w\" sizes=\"(max-width: 717px) 100vw, 717px\" \/><\/div><\/a>\n\t\t\t\t<div class=\"elementor-post__text\">\n\t\t\t\t<h2 class=\"elementor-post__title\">\n\t\t\t<a href=\"https:\/\/www.everex.org\/it\/ricerca-e-sviluppo-per-prodotti-all-avanguardia\/\" >\n\t\t\t\tRicerca e sviluppo per prodotti all\u2019avanguardia\t\t\t<\/a>\n\t\t<\/h2>\n\t\t\t\t<div class=\"elementor-post__excerpt\">\n\t\t\t<p>Sempre eccellenti. In altre parole: Everex. Non pu\u00f2 esserci nome pi\u00f9 calzante per l\u2019azienda guidata da Lorenzo Balli, autentico gioiello tra le imprese toscane, specializzata nella progettazione, sviluppo e costruzione di apparecchiature per analisi diagnostiche in vitro. &#8220;Per noi il successo pi\u00f9 grande \u00e8 la capacit\u00e0 di mettere l\u2019uomo al centro, facendo in modo che ogni persona si senta valorizzata e parte dello stesso team\u201d.<\/p>\n\t\t<\/div>\n\t\t\n\t\t<a class=\"elementor-post__read-more\" href=\"https:\/\/www.everex.org\/it\/ricerca-e-sviluppo-per-prodotti-all-avanguardia\/\" aria-label=\"Leggi tutto Ricerca e sviluppo per prodotti all\u2019avanguardia\" tabindex=\"-1\" >\n\t\t\tLeggi Tutto \u00bb\t\t<\/a>\n\n\t\t\t\t<\/div>\n\t\t\t\t<div class=\"elementor-post__meta-data\">\n\t\t\t\t\t<span class=\"elementor-post-date\">\n\t\t\t22 Marzo 2021\t\t<\/span>\n\t\t\t\t<\/div>\n\t\t\t\t\t<\/div>\n\t\t<\/article>\n\t\t\t\t<article class=\"elementor-post elementor-grid-item post-1796 post type-post status-publish format-standard has-post-thumbnail hentry category-news\" role=\"listitem\">\n\t\t\t<div class=\"elementor-post__card\">\n\t\t\t\t<a class=\"elementor-post__thumbnail__link\" href=\"https:\/\/www.everex.org\/it\/imprese-italiane-e-digitalizzazione-innovare-conviene-anche-con-la-crisi\/\" tabindex=\"-1\" ><div class=\"elementor-post__thumbnail\"><img decoding=\"async\" width=\"593\" height=\"443\" src=\"https:\/\/www.everex.org\/wp-content\/uploads\/2021\/03\/digital-img.jpg\" class=\"attachment-large size-large wp-image-3067\" alt=\"\" srcset=\"https:\/\/www.everex.org\/wp-content\/uploads\/2021\/03\/digital-img.jpg 593w, https:\/\/www.everex.org\/wp-content\/uploads\/2021\/03\/digital-img-300x224.jpg 300w\" sizes=\"(max-width: 593px) 100vw, 593px\" \/><\/div><\/a>\n\t\t\t\t<div class=\"elementor-post__text\">\n\t\t\t\t<h2 class=\"elementor-post__title\">\n\t\t\t<a href=\"https:\/\/www.everex.org\/it\/imprese-italiane-e-digitalizzazione-innovare-conviene-anche-con-la-crisi\/\" >\n\t\t\t\tImprese italiane e digitalizzazione? Innovare conviene. Anche con la crisi.\t\t\t<\/a>\n\t\t<\/h2>\n\t\t\t\t<div class=\"elementor-post__excerpt\">\n\t\t\t<p>Per Everex, aver investito in tempi non sospetti nella stampante 3d HP, le ha permesso di implementare i prototipi delle apparecchiature per le analisi diagnostiche in vitro. In soldoni? Il fatturato di fine 2020 dovrebbe registrare un pi\u00f9 25 per cento rispetto all\u2019anno precedente.<\/p>\n\t\t<\/div>\n\t\t\n\t\t<a class=\"elementor-post__read-more\" href=\"https:\/\/www.everex.org\/it\/imprese-italiane-e-digitalizzazione-innovare-conviene-anche-con-la-crisi\/\" aria-label=\"Leggi tutto Imprese italiane e digitalizzazione? Innovare conviene. Anche con la crisi.\" tabindex=\"-1\" >\n\t\t\tLeggi Tutto \u00bb\t\t<\/a>\n\n\t\t\t\t<\/div>\n\t\t\t\t<div class=\"elementor-post__meta-data\">\n\t\t\t\t\t<span class=\"elementor-post-date\">\n\t\t\t6 Novembre 2020\t\t<\/span>\n\t\t\t\t<\/div>\n\t\t\t\t\t<\/div>\n\t\t<\/article>\n\t\t\t\t<article class=\"elementor-post elementor-grid-item post-1799 post type-post status-publish format-standard has-post-thumbnail hentry category-news\" role=\"listitem\">\n\t\t\t<div class=\"elementor-post__card\">\n\t\t\t\t<a class=\"elementor-post__thumbnail__link\" href=\"https:\/\/www.everex.org\/it\/linnovazione-everex-nella-diagnostica\/\" tabindex=\"-1\" ><div class=\"elementor-post__thumbnail\"><img decoding=\"async\" width=\"800\" height=\"664\" src=\"https:\/\/www.everex.org\/wp-content\/uploads\/2021\/03\/skylab-1024x850.jpg\" class=\"attachment-large size-large wp-image-3064\" alt=\"\" srcset=\"https:\/\/www.everex.org\/wp-content\/uploads\/2021\/03\/skylab-1024x850.jpg 1024w, https:\/\/www.everex.org\/wp-content\/uploads\/2021\/03\/skylab-300x249.jpg 300w, https:\/\/www.everex.org\/wp-content\/uploads\/2021\/03\/skylab-768x637.jpg 768w, https:\/\/www.everex.org\/wp-content\/uploads\/2021\/03\/skylab.jpg 1473w\" sizes=\"(max-width: 800px) 100vw, 800px\" \/><\/div><\/a>\n\t\t\t\t<div class=\"elementor-post__text\">\n\t\t\t\t<h2 class=\"elementor-post__title\">\n\t\t\t<a href=\"https:\/\/www.everex.org\/it\/linnovazione-everex-nella-diagnostica\/\" >\n\t\t\t\tL\u2019innovazione EVEREX nella diagnostica.\t\t\t<\/a>\n\t\t<\/h2>\n\t\t\t\t<div class=\"elementor-post__excerpt\">\n\t\t\t<p>Everex ha una forte impronta verso l\u2019engineering e investe buona parte dei ricavi in sviluppo, ricerca e innovazione tecnologica. Questo ha permesso all\u2019azienda di crescere negli ultimi 5 anni aumentando la sua presenza sul mercato, incrementando le collaborazioni con player italiani ed internazionali.<\/p>\n\t\t<\/div>\n\t\t\n\t\t<a class=\"elementor-post__read-more\" href=\"https:\/\/www.everex.org\/it\/linnovazione-everex-nella-diagnostica\/\" aria-label=\"Leggi tutto L\u2019innovazione EVEREX nella diagnostica.\" tabindex=\"-1\" >\n\t\t\tLeggi Tutto \u00bb\t\t<\/a>\n\n\t\t\t\t<\/div>\n\t\t\t\t<div class=\"elementor-post__meta-data\">\n\t\t\t\t\t<span class=\"elementor-post-date\">\n\t\t\t31 Agosto 2020\t\t<\/span>\n\t\t\t\t<\/div>\n\t\t\t\t\t<\/div>\n\t\t<\/article>\n\t\t\t\t<article class=\"elementor-post elementor-grid-item post-1801 post type-post status-publish format-standard has-post-thumbnail hentry category-news\" role=\"listitem\">\n\t\t\t<div class=\"elementor-post__card\">\n\t\t\t\t<a class=\"elementor-post__thumbnail__link\" href=\"https:\/\/www.everex.org\/it\/diversificazione-antivirus-un-caso-di-successo\/\" tabindex=\"-1\" ><div class=\"elementor-post__thumbnail\"><img loading=\"lazy\" decoding=\"async\" width=\"729\" height=\"750\" src=\"https:\/\/www.everex.org\/wp-content\/uploads\/2021\/03\/TECNICHE-OSPEDALIERE-EVEREX.png\" class=\"attachment-large size-large wp-image-2949\" alt=\"\" srcset=\"https:\/\/www.everex.org\/wp-content\/uploads\/2021\/03\/TECNICHE-OSPEDALIERE-EVEREX.png 729w, https:\/\/www.everex.org\/wp-content\/uploads\/2021\/03\/TECNICHE-OSPEDALIERE-EVEREX-292x300.png 292w\" sizes=\"(max-width: 729px) 100vw, 729px\" \/><\/div><\/a>\n\t\t\t\t<div class=\"elementor-post__text\">\n\t\t\t\t<h2 class=\"elementor-post__title\">\n\t\t\t<a href=\"https:\/\/www.everex.org\/it\/diversificazione-antivirus-un-caso-di-successo\/\" >\n\t\t\t\tDiversificazione antivirus un caso di successo\t\t\t<\/a>\n\t\t<\/h2>\n\t\t\t\t<div class=\"elementor-post__excerpt\">\n\t\t\t<p>La capacit\u00e0 di agire su pi\u00f9 fronti e una dotazione tecnologica innovativa sono state le risorse alle quali la fiorentina Everex si \u00e8 affidata per resistere all\u2019urto dell\u2019emergenza Covid-19 sulla sua attivit\u00e0 e che le hanno permesso di sviluppare al meglio competenze che si riveleranno preziose in avvenire.<\/p>\n\t\t<\/div>\n\t\t\n\t\t<a class=\"elementor-post__read-more\" href=\"https:\/\/www.everex.org\/it\/diversificazione-antivirus-un-caso-di-successo\/\" aria-label=\"Leggi tutto Diversificazione antivirus un caso di successo\" tabindex=\"-1\" >\n\t\t\tLeggi Tutto \u00bb\t\t<\/a>\n\n\t\t\t\t<\/div>\n\t\t\t\t<div class=\"elementor-post__meta-data\">\n\t\t\t\t\t<span class=\"elementor-post-date\">\n\t\t\t5 Giugno 2020\t\t<\/span>\n\t\t\t\t<\/div>\n\t\t\t\t\t<\/div>\n\t\t<\/article>\n\t\t\t\t<article class=\"elementor-post elementor-grid-item post-3071 post type-post status-publish format-standard has-post-thumbnail hentry category-news\" role=\"listitem\">\n\t\t\t<div class=\"elementor-post__card\">\n\t\t\t\t<a class=\"elementor-post__thumbnail__link\" href=\"https:\/\/www.everex.org\/it\/con-il-sistema-multi-jet-fusion-di-hp-everex-reinventa-i-dispositivi-medici\/\" tabindex=\"-1\" ><div class=\"elementor-post__thumbnail\"><img loading=\"lazy\" decoding=\"async\" width=\"725\" height=\"384\" src=\"https:\/\/www.everex.org\/wp-content\/uploads\/2021\/03\/HP-EVEREX-CASE-STUDY.png\" class=\"attachment-large size-large wp-image-3072\" alt=\"\" srcset=\"https:\/\/www.everex.org\/wp-content\/uploads\/2021\/03\/HP-EVEREX-CASE-STUDY.png 725w, https:\/\/www.everex.org\/wp-content\/uploads\/2021\/03\/HP-EVEREX-CASE-STUDY-300x159.png 300w\" sizes=\"(max-width: 725px) 100vw, 725px\" \/><\/div><\/a>\n\t\t\t\t<div class=\"elementor-post__text\">\n\t\t\t\t<h2 class=\"elementor-post__title\">\n\t\t\t<a href=\"https:\/\/www.everex.org\/it\/con-il-sistema-multi-jet-fusion-di-hp-everex-reinventa-i-dispositivi-medici\/\" >\n\t\t\t\tCon il sistema Multi Jet Fusion di HP, Everex reinventa i dispositivi medici\t\t\t<\/a>\n\t\t<\/h2>\n\t\t\t\t<div class=\"elementor-post__excerpt\">\n\t\t\t<p>La tecnologia Multi Jet Fusion di HP ha sostituito alcuni dei precedenti processi produttivi di Everex, dando vita a dispositivi medici con meno componenti, un peso inferiore e costi pi\u00f9 bassi da sostenere<\/p>\n\t\t<\/div>\n\t\t\n\t\t<a class=\"elementor-post__read-more\" href=\"https:\/\/www.everex.org\/it\/con-il-sistema-multi-jet-fusion-di-hp-everex-reinventa-i-dispositivi-medici\/\" aria-label=\"Leggi tutto Con il sistema Multi Jet Fusion di HP, Everex reinventa i dispositivi medici\" tabindex=\"-1\" >\n\t\t\tLeggi Tutto \u00bb\t\t<\/a>\n\n\t\t\t\t<\/div>\n\t\t\t\t<div class=\"elementor-post__meta-data\">\n\t\t\t\t\t<span class=\"elementor-post-date\">\n\t\t\t1 Dicembre 2019\t\t<\/span>\n\t\t\t\t<\/div>\n\t\t\t\t\t<\/div>\n\t\t<\/article>\n\t\t\t\t<\/div>\n\t\t\n\t\t\t\t\t\t<\/div>\n\t\t\t\t<\/div>\n\t\t\t\t\t<\/div>\n\t\t<\/div>\n\t\t\t\t\t<\/div>\n\t\t<\/section>\n\t\t\t\t<\/div>\n\t\t","protected":false},"excerpt":{"rendered":"<p>\u00bb Tecnologia<\/p>\n","protected":false},"author":2,"featured_media":0,"parent":0,"menu_order":0,"comment_status":"closed","ping_status":"closed","template":"elementor_header_footer","meta":{"_acf_changed":false,"footnotes":""},"class_list":["post-3039","page","type-page","status-publish","hentry"],"acf":[],"_links":{"self":[{"href":"https:\/\/www.everex.org\/it\/wp-json\/wp\/v2\/pages\/3039","targetHints":{"allow":["GET"]}}],"collection":[{"href":"https:\/\/www.everex.org\/it\/wp-json\/wp\/v2\/pages"}],"about":[{"href":"https:\/\/www.everex.org\/it\/wp-json\/wp\/v2\/types\/page"}],"author":[{"embeddable":true,"href":"https:\/\/www.everex.org\/it\/wp-json\/wp\/v2\/users\/2"}],"replies":[{"embeddable":true,"href":"https:\/\/www.everex.org\/it\/wp-json\/wp\/v2\/comments?post=3039"}],"version-history":[{"count":7,"href":"https:\/\/www.everex.org\/it\/wp-json\/wp\/v2\/pages\/3039\/revisions"}],"predecessor-version":[{"id":3060,"href":"https:\/\/www.everex.org\/it\/wp-json\/wp\/v2\/pages\/3039\/revisions\/3060"}],"wp:attachment":[{"href":"https:\/\/www.everex.org\/it\/wp-json\/wp\/v2\/media?parent=3039"}],"curies":[{"name":"wp","href":"https:\/\/api.w.org\/{rel}","templated":true}]}}